{"id":150,"date":"2025-05-07T19:13:09","date_gmt":"2025-05-07T19:13:09","guid":{"rendered":"https:\/\/tryplaygames.com\/?page_id=150"},"modified":"2026-03-06T13:20:00","modified_gmt":"2026-03-06T13:20:00","slug":"about","status":"publish","type":"page","link":"https:\/\/tryplaygames.com\/tr\/about\/","title":{"rendered":"Hakk\u0131m\u0131zda"},"content":{"rendered":"<p>Ho\u015f geldiniz <strong>Oyun Oynamay\u0131 Deneyin<\/strong>Oyun ve interaktif e\u011flenceyle ilgili her \u015fey i\u00e7in ba\u015fvurabilece\u011finiz adresiniz. \u00d6zenle haz\u0131rlanm\u0131\u015f oyun incelemeleri, yeni dijital deneyimlere dair uzman g\u00f6r\u00fc\u015fleri, \u00e7evrimi\u00e7i oyun evrenindeki en son trendler ve daha fazlas\u0131n\u0131 sunuyoruz. \u0130ster s\u0131radan bir oyuncu olun ister bir sonraki maceran\u0131z\u0131 arayan bir oyun tutkunu, size ilham vermek, bilgilendirmek ve oyunun bir ad\u0131m \u00f6n\u00fcnde olman\u0131z\u0131 sa\u011flamak i\u00e7in buraday\u0131z.<\/p>\n\n\n\n<h2 class=\"wp-block-heading\">Biz Kimiz?<\/h2>\n\n\n\n<p>Try Play Games, ortak bir hedefe sahip tutkulu oyuncular, teknoloji ka\u015fifleri ve dijital i\u00e7erik \u00fcreticilerinden olu\u015fan bir ekip taraf\u0131ndan desteklenmektedir: piyasadaki en iyi oyunlar\u0131 ve e\u011flence ara\u00e7lar\u0131n\u0131 ke\u015ffetmenize yard\u0131mc\u0131 olmak. H\u0131zla de\u011fi\u015fen ve s\u00fcrekli geli\u015fen bir ortamda size net ve g\u00fcvenilir rehberlik sunmak i\u00e7in dijital deneyimleri test ediyor, analiz ediyor ve par\u00e7alara ay\u0131r\u0131yoruz. Gizli hazinelerden sekt\u00f6r devlerine kadar ekibimiz, d\u00fcr\u00fcst g\u00f6r\u00fc\u015fler ve g\u00fcvenilir \u00f6neriler sunmaya kendini adam\u0131\u015ft\u0131r.<\/p>\n\n\n\n<h2 class=\"wp-block-heading\">Sunduklar\u0131m\u0131z.<\/h2>\n\n\n\n<p>Yeni ba\u015flayanlardan deneyimli oyunculara kadar herkes i\u00e7in tasarlanm\u0131\u015f i\u00e7erikler \u00fcretiyoruz. Try Play Games&#039;ten beklentileriniz \u015funlard\u0131r:<\/p>\n\n\n\n<p>\u2714 <strong>En \u0130yi Oyun Se\u00e7imleri ve Uygulama \u00d6ne \u00c7\u0131kanlar\u0131<\/strong> \u2013 Birden fazla platformda en ilgi \u00e7ekici oyunlar\u0131 ve e\u011flence uygulamalar\u0131n\u0131 ke\u015ffedin.<\/p>\n\n\n\n<p>\u2714 <strong>Ad\u0131m Ad\u0131m Oyun K\u0131lavuzlar\u0131<\/strong> \u2013 Her beceri seviyesine uygun \u00e7\u00f6z\u00fcm yollar\u0131, e\u011fitimler ve strateji ipu\u00e7lar\u0131yla yeni oyunlar\u0131 h\u0131zla \u00f6\u011frenin.<\/p>\n\n\n\n<p>\u2714 <strong>Sekt\u00f6r Haberleri ve Trendleri<\/strong> \u2013 Oyun geli\u015ftirme, sanal deneyimler, uygulama s\u00fcr\u00fcmleri ve gelece\u011fe y\u00f6nelik yeniliklerle ilgili en son geli\u015fmelerden haberdar olun.<\/p>\n\n\n\n<p>\u2714 <strong>Ayr\u0131nt\u0131l\u0131 \u0130ncelemeler ve Derecelendirmeler<\/strong> \u2013 Oyunlar, uygulamalar ve dijital platformlar hakk\u0131nda tarafs\u0131z, ara\u015ft\u0131rmaya dayal\u0131 analizler edinin ve g\u00fcvenli se\u00e7imler yap\u0131n.<\/p>\n\n\n\n<p>\u2714 <strong>Teknoloji Oyunla Bulu\u015fuyor<\/strong> \u2013 Yapay zekan\u0131n, mobil geli\u015fmelerin ve dijital yarat\u0131c\u0131l\u0131\u011f\u0131n oyun oynama, ba\u011flant\u0131 kurma ve rahatlama bi\u00e7imimizi nas\u0131l yeniden \u015fekillendirdi\u011fini ke\u015ffedin.<\/p>\n\n\n\n<h2 class=\"wp-block-heading\">Yasal Uyar\u0131.<\/h2>\n\n\n\n<p>Try Play Games, ba\u011f\u0131ms\u0131z bir platform olarak faaliyet g\u00f6stermektedir ve sitemizde ad\u0131 ge\u00e7en hi\u00e7bir oyun geli\u015ftiricisi, yay\u0131nc\u0131s\u0131 veya \u00fc\u00e7\u00fcnc\u00fc taraf \u015firketle ba\u011flant\u0131l\u0131, sponsorlu veya resmi olarak onayl\u0131 de\u011fildir. \u0130ncelemeler, e\u011fitimler ve \u00f6neriler dahil olmak \u00fczere t\u00fcm i\u00e7erik, kendi ara\u015ft\u0131rmalar\u0131m\u0131za, deneyimlerimize ve editoryal de\u011ferlendirmemize dayanmaktad\u0131r.<\/p>\n\n\n\n<p>Sa\u011flad\u0131\u011f\u0131m\u0131z bilgiler yaln\u0131zca e\u011fitim ve e\u011flence ama\u00e7l\u0131d\u0131r ve tan\u0131t\u0131m ama\u00e7l\u0131 olarak yorumlanmamal\u0131d\u0131r. Yay\u0131nlad\u0131\u011f\u0131m\u0131z her \u015feyde do\u011fruluk ve adaleti hedeflesek de, okuyucular\u0131m\u0131z\u0131 oyunlar\u0131, hizmetleri veya platformlar\u0131 de\u011ferlendirirken kendi ara\u015ft\u0131rmalar\u0131n\u0131 yapmaya her zaman te\u015fvik ediyoruz.<\/p>\n\n\n\n<p>Try Play Games\u2019te misyonumuz a\u00e7\u0131kt\u0131r: <strong>Dijital e\u011flence d\u00fcnyas\u0131n\u0131 g\u00fcvenle, a\u00e7\u0131kl\u0131kla ve merakla ke\u015ffetmenize yard\u0131mc\u0131 olmak.<\/strong><\/p>","protected":false},"excerpt":{"rendered":"<p>Welcome to Try Play Games, your go-to destination for everything gaming and interactive entertainment. We deliver thoughtful game reviews, expert insights into emerging digital experiences, and coverage of the latest trends in the online gaming universe and much more. Whether you&#8217;re a casual gamer or an enthusiast seeking your next adventure, we&#8217;re here to keep [&hellip;]<\/p>","protected":false},"author":6,"featured_media":0,"parent":0,"menu_order":0,"comment_status":"closed","ping_status":"closed","template":"","meta":{"footnotes":""},"yoast_head":"<!-- This site is optimized with the Yoast SEO plugin v23.3 - https:\/\/yoast.com\/wordpress\/plugins\/seo\/ -->\n<title>About Us - Try Play Games<\/title>\n<meta name=\"robots\" content=\"index, follow, max-snippet:-1, max-image-preview:large, max-video-preview:-1\" \/>\n<link rel=\"canonical\" href=\"https:\/\/tryplaygames.com\/tr\/about\/\" \/>\n<meta property=\"og:locale\" content=\"tr_TR\" \/>\n<meta property=\"og:type\" content=\"article\" \/>\n<meta property=\"og:title\" content=\"About Us - Try Play Games\" \/>\n<meta property=\"og:description\" content=\"Welcome to Try Play Games, your go-to destination for everything gaming and interactive entertainment. We deliver thoughtful game reviews, expert insights into emerging digital experiences, and coverage of the latest trends in the online gaming universe and much more. Whether you&#8217;re a casual gamer or an enthusiast seeking your next adventure, we&#8217;re here to keep [&hellip;]\" \/>\n<meta property=\"og:url\" content=\"https:\/\/tryplaygames.com\/tr\/about\/\" \/>\n<meta property=\"og:site_name\" content=\"Try Play Games\" \/>\n<meta property=\"article:modified_time\" content=\"2026-03-06T13:20:00+00:00\" \/>\n<meta name=\"twitter:card\" content=\"summary_large_image\" \/>\n<meta name=\"twitter:label1\" content=\"Est. reading time\" \/>\n\t<meta name=\"twitter:data1\" content=\"2 dakika\" \/>\n<script type=\"application\/ld+json\" class=\"yoast-schema-graph\">{\"@context\":\"https:\/\/schema.org\",\"@graph\":[{\"@type\":\"WebPage\",\"@id\":\"https:\/\/tryplaygames.com\/about\/\",\"url\":\"https:\/\/tryplaygames.com\/about\/\",\"name\":\"About Us - Try Play Games\",\"isPartOf\":{\"@id\":\"https:\/\/tryplaygames.com\/#website\"},\"datePublished\":\"2025-05-07T19:13:09+00:00\",\"dateModified\":\"2026-03-06T13:20:00+00:00\",\"breadcrumb\":{\"@id\":\"https:\/\/tryplaygames.com\/about\/#breadcrumb\"},\"inLanguage\":\"tr\",\"potentialAction\":[{\"@type\":\"ReadAction\",\"target\":[\"https:\/\/tryplaygames.com\/about\/\"]}]},{\"@type\":\"BreadcrumbList\",\"@id\":\"https:\/\/tryplaygames.com\/about\/#breadcrumb\",\"itemListElement\":[{\"@type\":\"ListItem\",\"position\":1,\"name\":\"Home\",\"item\":\"https:\/\/tryplaygames.com\/\"},{\"@type\":\"ListItem\",\"position\":2,\"name\":\"About Us\"}]},{\"@type\":\"WebSite\",\"@id\":\"https:\/\/tryplaygames.com\/#website\",\"url\":\"https:\/\/tryplaygames.com\/\",\"name\":\"Try Play Games\",\"description\":\"\",\"potentialAction\":[{\"@type\":\"SearchAction\",\"target\":{\"@type\":\"EntryPoint\",\"urlTemplate\":\"https:\/\/tryplaygames.com\/?s={search_term_string}\"},\"query-input\":\"required name=search_term_string\"}],\"inLanguage\":\"tr\"}]}<\/script>\n<!-- \/ Yoast SEO plugin. -->","yoast_head_json":{"title":"About Us - Try Play Games","robots":{"index":"index","follow":"follow","max-snippet":"max-snippet:-1","max-image-preview":"max-image-preview:large","max-video-preview":"max-video-preview:-1"},"canonical":"https:\/\/tryplaygames.com\/tr\/about\/","og_locale":"tr_TR","og_type":"article","og_title":"About Us - Try Play Games","og_description":"Welcome to Try Play Games, your go-to destination for everything gaming and interactive entertainment. We deliver thoughtful game reviews, expert insights into emerging digital experiences, and coverage of the latest trends in the online gaming universe and much more. Whether you&#8217;re a casual gamer or an enthusiast seeking your next adventure, we&#8217;re here to keep [&hellip;]","og_url":"https:\/\/tryplaygames.com\/tr\/about\/","og_site_name":"Try Play Games","article_modified_time":"2026-03-06T13:20:00+00:00","twitter_card":"summary_large_image","twitter_misc":{"Est. reading time":"2 dakika"},"schema":{"@context":"https:\/\/schema.org","@graph":[{"@type":"WebPage","@id":"https:\/\/tryplaygames.com\/about\/","url":"https:\/\/tryplaygames.com\/about\/","name":"About Us - Try Play Games","isPartOf":{"@id":"https:\/\/tryplaygames.com\/#website"},"datePublished":"2025-05-07T19:13:09+00:00","dateModified":"2026-03-06T13:20:00+00:00","breadcrumb":{"@id":"https:\/\/tryplaygames.com\/about\/#breadcrumb"},"inLanguage":"tr","potentialAction":[{"@type":"ReadAction","target":["https:\/\/tryplaygames.com\/about\/"]}]},{"@type":"BreadcrumbList","@id":"https:\/\/tryplaygames.com\/about\/#breadcrumb","itemListElement":[{"@type":"ListItem","position":1,"name":"Home","item":"https:\/\/tryplaygames.com\/"},{"@type":"ListItem","position":2,"name":"About Us"}]},{"@type":"WebSite","@id":"https:\/\/tryplaygames.com\/#website","url":"https:\/\/tryplaygames.com\/","name":"Try Play Games","description":"","potentialAction":[{"@type":"SearchAction","target":{"@type":"EntryPoint","urlTemplate":"https:\/\/tryplaygames.com\/?s={search_term_string}"},"query-input":"required name=search_term_string"}],"inLanguage":"tr"}]}},"_links":{"self":[{"href":"https:\/\/tryplaygames.com\/tr\/wp-json\/wp\/v2\/pages\/150"}],"collection":[{"href":"https:\/\/tryplaygames.com\/tr\/wp-json\/wp\/v2\/pages"}],"about":[{"href":"https:\/\/tryplaygames.com\/tr\/wp-json\/wp\/v2\/types\/page"}],"author":[{"embeddable":true,"href":"https:\/\/tryplaygames.com\/tr\/wp-json\/wp\/v2\/users\/6"}],"replies":[{"embeddable":true,"href":"https:\/\/tryplaygames.com\/tr\/wp-json\/wp\/v2\/comments?post=150"}],"version-history":[{"count":2,"href":"https:\/\/tryplaygames.com\/tr\/wp-json\/wp\/v2\/pages\/150\/revisions"}],"predecessor-version":[{"id":1728,"href":"https:\/\/tryplaygames.com\/tr\/wp-json\/wp\/v2\/pages\/150\/revisions\/1728"}],"wp:attachment":[{"href":"https:\/\/tryplaygames.com\/tr\/wp-json\/wp\/v2\/media?parent=150"}],"curies":[{"name":"wp","href":"https:\/\/api.w.org\/{rel}","templated":true}]}}