{"id":150,"date":"2025-05-07T19:13:09","date_gmt":"2025-05-07T19:13:09","guid":{"rendered":"https:\/\/tryplaygames.com\/?page_id=150"},"modified":"2026-03-06T13:20:00","modified_gmt":"2026-03-06T13:20:00","slug":"about","status":"publish","type":"page","link":"https:\/\/tryplaygames.com\/es\/about\/","title":{"rendered":"Sobre nosotros"},"content":{"rendered":"<p>Bienvenido a <strong>Prueba Play Games<\/strong>Tu sitio de referencia para todo lo relacionado con videojuegos y entretenimiento interactivo. Ofrecemos an\u00e1lisis de juegos detallados, an\u00e1lisis de expertos sobre experiencias digitales emergentes, cobertura de las \u00faltimas tendencias en el mundo de los videojuegos en l\u00ednea y mucho m\u00e1s. Tanto si eres un jugador ocasional como un entusiasta en busca de tu pr\u00f3xima aventura, estamos aqu\u00ed para inspirarte, informarte y mantenerte a la vanguardia.<\/p>\n\n\n\n<h2 class=\"wp-block-heading\">Quienes somos.<\/h2>\n\n\n\n<p>Try Play Games est\u00e1 impulsado por un equipo de gamers apasionados, exploradores tecnol\u00f3gicos y creadores de contenido digital con un objetivo com\u00fan: ayudarte a descubrir los mejores juegos y herramientas de entretenimiento disponibles. Probamos, analizamos y desglosamos experiencias digitales para ofrecerte una gu\u00eda clara y fiable en un entorno en constante evoluci\u00f3n. Desde joyas ocultas hasta gigantes de la industria, nuestro equipo se dedica a ofrecer informaci\u00f3n honesta y recomendaciones de confianza.<\/p>\n\n\n\n<h2 class=\"wp-block-heading\">Lo que ofrecemos.<\/h2>\n\n\n\n<p>Creamos contenido dise\u00f1ado para todos, desde principiantes hasta jugadores experimentados. Esto es lo que puedes esperar de Try Play Games:<\/p>\n\n\n\n<p>\u2714 <strong>Las mejores selecciones de juegos y aplicaciones destacadas<\/strong> \u2013 Descubre los juegos y aplicaciones de entretenimiento m\u00e1s atractivos en m\u00faltiples plataformas.<\/p>\n\n\n\n<p>\u2714 <strong>Gu\u00edas de juego paso a paso<\/strong> \u2013 Aprende nuevos juegos r\u00e1pidamente con gu\u00edas, tutoriales y consejos de estrategia adecuados para todos los niveles de habilidad.<\/p>\n\n\n\n<p>\u2714 <strong>Noticias y tendencias de la industria<\/strong> \u2013 Mant\u00e9ngase actualizado sobre lo \u00faltimo en desarrollo de juegos, experiencias virtuales, lanzamientos de aplicaciones e innovaciones de cara al futuro.<\/p>\n\n\n\n<p>\u2714 <strong>Rese\u00f1as y calificaciones detalladas<\/strong> \u2013 Obtenga an\u00e1lisis imparciales basados en investigaciones de juegos, aplicaciones y plataformas digitales para ayudarlo a tomar decisiones seguras.<\/p>\n\n\n\n<p>\u2714 <strong>La tecnolog\u00eda se encuentra con el juego<\/strong> \u2013 Explore c\u00f3mo la inteligencia artificial, los avances m\u00f3viles y la creatividad digital est\u00e1n transformando la forma en que jugamos, nos conectamos y nos relajamos.<\/p>\n\n\n\n<h2 class=\"wp-block-heading\">Aviso legal.<\/h2>\n\n\n\n<p>Try Play Games opera como una plataforma independiente y no est\u00e1 afiliada, patrocinada ni respaldada oficialmente por ninguno de los desarrolladores, editores o empresas de terceros mencionados en nuestro sitio. Todo el contenido, incluyendo rese\u00f1as, tutoriales y recomendaciones, se basa en nuestra propia investigaci\u00f3n, experiencia y criterio editorial.<\/p>\n\n\n\n<p>La informaci\u00f3n que proporcionamos es \u00fanicamente con fines educativos y de entretenimiento y no debe interpretarse como una recomendaci\u00f3n promocional. Si bien buscamos la precisi\u00f3n y la imparcialidad en todo lo que publicamos, siempre animamos a nuestros lectores a investigar por su cuenta al evaluar juegos, servicios o plataformas.<\/p>\n\n\n\n<p>En Try Play Games, nuestra misi\u00f3n es clara: <strong>para ayudarle a explorar el mundo del entretenimiento digital con confianza, claridad y curiosidad.<\/strong><\/p>","protected":false},"excerpt":{"rendered":"<p>Welcome to Try Play Games, your go-to destination for everything gaming and interactive entertainment. We deliver thoughtful game reviews, expert insights into emerging digital experiences, and coverage of the latest trends in the online gaming universe and much more. Whether you&#8217;re a casual gamer or an enthusiast seeking your next adventure, we&#8217;re here to keep [&hellip;]<\/p>","protected":false},"author":6,"featured_media":0,"parent":0,"menu_order":0,"comment_status":"closed","ping_status":"closed","template":"","meta":{"footnotes":""},"yoast_head":"<!-- This site is optimized with the Yoast SEO plugin v23.3 - https:\/\/yoast.com\/wordpress\/plugins\/seo\/ -->\n<title>About Us - Try Play Games<\/title>\n<meta name=\"robots\" content=\"index, follow, max-snippet:-1, max-image-preview:large, max-video-preview:-1\" \/>\n<link rel=\"canonical\" href=\"https:\/\/tryplaygames.com\/es\/about\/\" \/>\n<meta property=\"og:locale\" content=\"es_MX\" \/>\n<meta property=\"og:type\" content=\"article\" \/>\n<meta property=\"og:title\" content=\"About Us - Try Play Games\" \/>\n<meta property=\"og:description\" content=\"Welcome to Try Play Games, your go-to destination for everything gaming and interactive entertainment. We deliver thoughtful game reviews, expert insights into emerging digital experiences, and coverage of the latest trends in the online gaming universe and much more. Whether you&#8217;re a casual gamer or an enthusiast seeking your next adventure, we&#8217;re here to keep [&hellip;]\" \/>\n<meta property=\"og:url\" content=\"https:\/\/tryplaygames.com\/es\/about\/\" \/>\n<meta property=\"og:site_name\" content=\"Try Play Games\" \/>\n<meta property=\"article:modified_time\" content=\"2026-03-06T13:20:00+00:00\" \/>\n<meta name=\"twitter:card\" content=\"summary_large_image\" \/>\n<meta name=\"twitter:label1\" content=\"Est. reading time\" \/>\n\t<meta name=\"twitter:data1\" content=\"2 minutos\" \/>\n<script type=\"application\/ld+json\" class=\"yoast-schema-graph\">{\"@context\":\"https:\/\/schema.org\",\"@graph\":[{\"@type\":\"WebPage\",\"@id\":\"https:\/\/tryplaygames.com\/about\/\",\"url\":\"https:\/\/tryplaygames.com\/about\/\",\"name\":\"About Us - Try Play Games\",\"isPartOf\":{\"@id\":\"https:\/\/tryplaygames.com\/#website\"},\"datePublished\":\"2025-05-07T19:13:09+00:00\",\"dateModified\":\"2026-03-06T13:20:00+00:00\",\"breadcrumb\":{\"@id\":\"https:\/\/tryplaygames.com\/about\/#breadcrumb\"},\"inLanguage\":\"es-MX\",\"potentialAction\":[{\"@type\":\"ReadAction\",\"target\":[\"https:\/\/tryplaygames.com\/about\/\"]}]},{\"@type\":\"BreadcrumbList\",\"@id\":\"https:\/\/tryplaygames.com\/about\/#breadcrumb\",\"itemListElement\":[{\"@type\":\"ListItem\",\"position\":1,\"name\":\"Home\",\"item\":\"https:\/\/tryplaygames.com\/\"},{\"@type\":\"ListItem\",\"position\":2,\"name\":\"About Us\"}]},{\"@type\":\"WebSite\",\"@id\":\"https:\/\/tryplaygames.com\/#website\",\"url\":\"https:\/\/tryplaygames.com\/\",\"name\":\"Try Play Games\",\"description\":\"\",\"potentialAction\":[{\"@type\":\"SearchAction\",\"target\":{\"@type\":\"EntryPoint\",\"urlTemplate\":\"https:\/\/tryplaygames.com\/?s={search_term_string}\"},\"query-input\":\"required name=search_term_string\"}],\"inLanguage\":\"es-MX\"}]}<\/script>\n<!-- \/ Yoast SEO plugin. -->","yoast_head_json":{"title":"About Us - Try Play Games","robots":{"index":"index","follow":"follow","max-snippet":"max-snippet:-1","max-image-preview":"max-image-preview:large","max-video-preview":"max-video-preview:-1"},"canonical":"https:\/\/tryplaygames.com\/es\/about\/","og_locale":"es_MX","og_type":"article","og_title":"About Us - Try Play Games","og_description":"Welcome to Try Play Games, your go-to destination for everything gaming and interactive entertainment. We deliver thoughtful game reviews, expert insights into emerging digital experiences, and coverage of the latest trends in the online gaming universe and much more. Whether you&#8217;re a casual gamer or an enthusiast seeking your next adventure, we&#8217;re here to keep [&hellip;]","og_url":"https:\/\/tryplaygames.com\/es\/about\/","og_site_name":"Try Play Games","article_modified_time":"2026-03-06T13:20:00+00:00","twitter_card":"summary_large_image","twitter_misc":{"Est. reading time":"2 minutos"},"schema":{"@context":"https:\/\/schema.org","@graph":[{"@type":"WebPage","@id":"https:\/\/tryplaygames.com\/about\/","url":"https:\/\/tryplaygames.com\/about\/","name":"About Us - Try Play Games","isPartOf":{"@id":"https:\/\/tryplaygames.com\/#website"},"datePublished":"2025-05-07T19:13:09+00:00","dateModified":"2026-03-06T13:20:00+00:00","breadcrumb":{"@id":"https:\/\/tryplaygames.com\/about\/#breadcrumb"},"inLanguage":"es-MX","potentialAction":[{"@type":"ReadAction","target":["https:\/\/tryplaygames.com\/about\/"]}]},{"@type":"BreadcrumbList","@id":"https:\/\/tryplaygames.com\/about\/#breadcrumb","itemListElement":[{"@type":"ListItem","position":1,"name":"Home","item":"https:\/\/tryplaygames.com\/"},{"@type":"ListItem","position":2,"name":"About Us"}]},{"@type":"WebSite","@id":"https:\/\/tryplaygames.com\/#website","url":"https:\/\/tryplaygames.com\/","name":"Try Play Games","description":"","potentialAction":[{"@type":"SearchAction","target":{"@type":"EntryPoint","urlTemplate":"https:\/\/tryplaygames.com\/?s={search_term_string}"},"query-input":"required name=search_term_string"}],"inLanguage":"es-MX"}]}},"_links":{"self":[{"href":"https:\/\/tryplaygames.com\/es\/wp-json\/wp\/v2\/pages\/150"}],"collection":[{"href":"https:\/\/tryplaygames.com\/es\/wp-json\/wp\/v2\/pages"}],"about":[{"href":"https:\/\/tryplaygames.com\/es\/wp-json\/wp\/v2\/types\/page"}],"author":[{"embeddable":true,"href":"https:\/\/tryplaygames.com\/es\/wp-json\/wp\/v2\/users\/6"}],"replies":[{"embeddable":true,"href":"https:\/\/tryplaygames.com\/es\/wp-json\/wp\/v2\/comments?post=150"}],"version-history":[{"count":2,"href":"https:\/\/tryplaygames.com\/es\/wp-json\/wp\/v2\/pages\/150\/revisions"}],"predecessor-version":[{"id":1728,"href":"https:\/\/tryplaygames.com\/es\/wp-json\/wp\/v2\/pages\/150\/revisions\/1728"}],"wp:attachment":[{"href":"https:\/\/tryplaygames.com\/es\/wp-json\/wp\/v2\/media?parent=150"}],"curies":[{"name":"wp","href":"https:\/\/api.w.org\/{rel}","templated":true}]}}